{"id":93,"date":"2023-03-09T12:54:22","date_gmt":"2023-03-09T12:54:22","guid":{"rendered":"https:\/\/tecnologia.vamtam.com\/?page_id=93"},"modified":"2024-08-26T14:41:32","modified_gmt":"2024-08-26T17:41:32","slug":"blog","status":"publish","type":"page","link":"https:\/\/igstecnologia.com\/index.php\/blog\/","title":{"rendered":"Blog"},"content":{"rendered":"\t\t<div data-elementor-type=\"wp-page\" data-elementor-id=\"93\" class=\"elementor elementor-93\" data-elementor-post-type=\"page\">\n\t\t\t\t\t\t<section class=\"elementor-section elementor-top-section elementor-element elementor-element-46b242f elementor-section-boxed elementor-section-height-default elementor-section-height-default\" data-id=\"46b242f\" data-element_type=\"section\" data-e-type=\"section\">\n\t\t\t\t\t\t<div class=\"elementor-container elementor-column-gap-default\">\n\t\t\t\t\t<div class=\"elementor-column elementor-col-100 elementor-top-column elementor-element elementor-element-d8eccda\" data-id=\"d8eccda\" data-element_type=\"column\" data-e-type=\"column\">\n\t\t\t<div class=\"elementor-widget-wrap elementor-element-populated\">\n\t\t\t\t\t\t<div class=\"elementor-element elementor-element-ed7d10e animated-slow elementor-invisible elementor-widget elementor-widget-heading\" data-id=\"ed7d10e\" data-element_type=\"widget\" data-e-type=\"widget\" data-settings=\"{&quot;_animation&quot;:&quot;fadeIn&quot;,&quot;_animation_tablet&quot;:&quot;none&quot;}\" data-widget_type=\"heading.default\">\n\t\t\t\t<div class=\"elementor-widget-container\">\n\t\t\t\t\t<h1 class=\"elementor-heading-title elementor-size-default\">Nosso Blog<\/h1>\t\t\t\t<\/div>\n\t\t\t\t<\/div>\n\t\t\t\t<div class=\"elementor-element elementor-element-d56525c animated-slow elementor-invisible elementor-widget elementor-widget-heading\" data-id=\"d56525c\" data-element_type=\"widget\" data-e-type=\"widget\" data-settings=\"{&quot;_animation&quot;:&quot;fadeIn&quot;,&quot;_animation_tablet&quot;:&quot;none&quot;,&quot;_animation_delay&quot;:300}\" data-widget_type=\"heading.default\">\n\t\t\t\t<div class=\"elementor-widget-container\">\n\t\t\t\t\t<p class=\"elementor-heading-title elementor-size-default\">Nosso blog oficial com not\u00edcias, dicas sobre tecnologia e gest\u00e3o empresarial.<\/p>\t\t\t\t<\/div>\n\t\t\t\t<\/div>\n\t\t\t\t<div class=\"elementor-element elementor-element-5940b8c elementor-widget elementor-widget-spacer\" data-id=\"5940b8c\" data-element_type=\"widget\" data-e-type=\"widget\" data-widget_type=\"spacer.default\">\n\t\t\t\t<div class=\"elementor-widget-container\">\n\t\t\t\t\t\t\t<div class=\"elementor-spacer\">\n\t\t\t<div class=\"elementor-spacer-inner\"><\/div>\n\t\t<\/div>\n\t\t\t\t\t\t<\/div>\n\t\t\t\t<\/div>\n\t\t\t\t\t<\/div>\n\t\t<\/div>\n\t\t\t\t\t<\/div>\n\t\t<\/section>\n\t\t\t\t<section class=\"elementor-section elementor-top-section elementor-element elementor-element-d88de12 elementor-hidden-mobile elementor-section-content-middle elementor-section-boxed elementor-section-height-default elementor-section-height-default\" data-id=\"d88de12\" data-element_type=\"section\" data-e-type=\"section\" data-settings=\"{&quot;background_background&quot;:&quot;classic&quot;}\">\n\t\t\t\t\t\t<div class=\"elementor-container elementor-column-gap-no\">\n\t\t\t\t\t<div class=\"elementor-column elementor-col-100 elementor-top-column elementor-element elementor-element-f1f3ce2\" data-id=\"f1f3ce2\" data-element_type=\"column\" data-e-type=\"column\" data-settings=\"{&quot;background_background&quot;:&quot;classic&quot;}\">\n\t\t\t<div class=\"elementor-widget-wrap elementor-element-populated\">\n\t\t\t\t\t\t<div class=\"elementor-element elementor-element-0bc3f04 elementor-widget elementor-widget-spacer\" data-id=\"0bc3f04\" data-element_type=\"widget\" data-e-type=\"widget\" data-widget_type=\"spacer.default\">\n\t\t\t\t<div class=\"elementor-widget-container\">\n\t\t\t\t\t\t\t<div class=\"elementor-spacer\">\n\t\t\t<div class=\"elementor-spacer-inner\"><\/div>\n\t\t<\/div>\n\t\t\t\t\t\t<\/div>\n\t\t\t\t<\/div>\n\t\t\t\t<div class=\"vamtam-has-theme-widget-styles elementor-element elementor-element-0debbbe elementor-grid-1 elementor-posts--thumbnail-right elementor-grid-tablet-1 elementor-widget__width-initial elementor-widget-tablet__width-inherit elementor-grid-mobile-1 elementor-widget elementor-widget-posts\" data-id=\"0debbbe\" data-element_type=\"widget\" data-e-type=\"widget\" data-settings=\"{&quot;vamtam_classic_columns&quot;:&quot;1&quot;,&quot;vamtam_classic_row_gap&quot;:{&quot;unit&quot;:&quot;px&quot;,&quot;size&quot;:0,&quot;sizes&quot;:[]},&quot;vamtam_classic_columns_tablet&quot;:&quot;1&quot;,&quot;vamtam_classic_columns_mobile&quot;:&quot;1&quot;,&quot;vamtam_classic_row_gap_tablet&quot;:{&quot;unit&quot;:&quot;px&quot;,&quot;size&quot;:&quot;&quot;,&quot;sizes&quot;:[]},&quot;vamtam_classic_row_gap_mobile&quot;:{&quot;unit&quot;:&quot;px&quot;,&quot;size&quot;:&quot;&quot;,&quot;sizes&quot;:[]}}\" data-widget_type=\"posts.vamtam_classic\">\n\t\t\t\t<div class=\"elementor-widget-container\">\n\t\t\t\t\t\t\t<div class=\"elementor-posts-container elementor-posts elementor-posts--skin-vamtam_classic elementor-grid\" role=\"list\">\n\t\t\t\t<article class=\"elementor-post elementor-grid-item post-8435 post type-post status-publish format-standard has-post-thumbnail hentry category-startups tag-cybersecurity tag-development tag-it\" role=\"listitem\">\n\t\t\t\t<a class=\"elementor-post__thumbnail__link\" href=\"https:\/\/igstecnologia.com\/index.php\/2023\/04\/10\/how-startups-are-cutting-cloud-costs-renegotiating-deals-with-service-providers\/\" tabindex=\"-1\" >\n\t\t\t<div class=\"elementor-post__thumbnail\"><img fetchpriority=\"high\" decoding=\"async\" width=\"2560\" height=\"1451\" src=\"https:\/\/igstecnologia.com\/wp-content\/uploads\/2024\/08\/Produtos-TopAcesso-02-scaled.jpg\" class=\"attachment-full size-full wp-image-988283\" alt=\"\" srcset=\"https:\/\/igstecnologia.com\/wp-content\/uploads\/2024\/08\/Produtos-TopAcesso-02-scaled.jpg 2560w, https:\/\/igstecnologia.com\/wp-content\/uploads\/2024\/08\/Produtos-TopAcesso-02-300x170.jpg 300w, https:\/\/igstecnologia.com\/wp-content\/uploads\/2024\/08\/Produtos-TopAcesso-02-1024x580.jpg 1024w, https:\/\/igstecnologia.com\/wp-content\/uploads\/2024\/08\/Produtos-TopAcesso-02-768x435.jpg 768w, https:\/\/igstecnologia.com\/wp-content\/uploads\/2024\/08\/Produtos-TopAcesso-02-1536x870.jpg 1536w, https:\/\/igstecnologia.com\/wp-content\/uploads\/2024\/08\/Produtos-TopAcesso-02-2048x1161.jpg 2048w\" sizes=\"(max-width: 2560px) 100vw, 2560px\" \/><\/div>\n\t\t<\/a>\n\t\t\t\t<div class=\"elementor-post__text\">\n\t\t\t\t<h3 class=\"elementor-post__title\">\n\t\t\t<a href=\"https:\/\/igstecnologia.com\/index.php\/2023\/04\/10\/how-startups-are-cutting-cloud-costs-renegotiating-deals-with-service-providers\/\" >\n\t\t\t\tDiferentes Solu\u00e7\u00f5es para a Seguran\u00e7a da Sua Resid\u00eancia, Condom\u00ednio ou Empresa\t\t\t<\/a>\n\t\t<\/h3>\n\t\t\t\t<div class=\"elementor-post__excerpt\">\n\t\t\t<p>Existem diferentes solu\u00e7\u00f5es para a seguran\u00e7a da sua resid\u00eancia, condom\u00ednio ou empresa.<\/p>\n\t\t<\/div>\n\t\t\n\t\t<a class=\"elementor-post__read-more\" href=\"https:\/\/igstecnologia.com\/index.php\/2023\/04\/10\/how-startups-are-cutting-cloud-costs-renegotiating-deals-with-service-providers\/\" aria-label=\"Leia mais sobre Diferentes Solu\u00e7\u00f5es para a Seguran\u00e7a da Sua Resid\u00eancia, Condom\u00ednio ou Empresa\" tabindex=\"-1\" >\n\t\t\tRead full story\t\t<\/a>\n\n\t\t\t\t<\/div>\n\t\t\t\t<\/article>\n\t\t\t\t<\/div>\n\t\t\n\t\t\t\t\t\t<\/div>\n\t\t\t\t<\/div>\n\t\t\t\t<div class=\"elementor-element elementor-element-ff8263f elementor-widget elementor-widget-spacer\" data-id=\"ff8263f\" data-element_type=\"widget\" data-e-type=\"widget\" data-widget_type=\"spacer.default\">\n\t\t\t\t<div class=\"elementor-widget-container\">\n\t\t\t\t\t\t\t<div class=\"elementor-spacer\">\n\t\t\t<div class=\"elementor-spacer-inner\"><\/div>\n\t\t<\/div>\n\t\t\t\t\t\t<\/div>\n\t\t\t\t<\/div>\n\t\t\t\t\t<\/div>\n\t\t<\/div>\n\t\t\t\t\t<\/div>\n\t\t<\/section>\n\t\t\t\t<section class=\"elementor-section elementor-top-section elementor-element elementor-element-72da99b elementor-hidden-desktop elementor-hidden-tablet elementor-section-boxed elementor-section-height-default elementor-section-height-default\" data-id=\"72da99b\" data-element_type=\"section\" data-e-type=\"section\">\n\t\t\t\t\t\t<div class=\"elementor-container elementor-column-gap-no\">\n\t\t\t\t\t<div class=\"elementor-column elementor-col-100 elementor-top-column elementor-element elementor-element-feb45fb\" data-id=\"feb45fb\" data-element_type=\"column\" data-e-type=\"column\">\n\t\t\t<div class=\"elementor-widget-wrap elementor-element-populated\">\n\t\t\t\t\t\t<div class=\"vamtam-has-theme-widget-styles elementor-element elementor-element-53acb3b elementor-grid-tablet-3 elementor-grid-3 elementor-grid-mobile-1 elementor-posts--thumbnail-top elementor-widget elementor-widget-posts\" data-id=\"53acb3b\" data-element_type=\"widget\" data-e-type=\"widget\" data-settings=\"{&quot;vamtam_classic_row_gap&quot;:{&quot;unit&quot;:&quot;px&quot;,&quot;size&quot;:40,&quot;sizes&quot;:[]},&quot;vamtam_classic_columns_tablet&quot;:&quot;3&quot;,&quot;vamtam_classic_row_gap_tablet&quot;:{&quot;unit&quot;:&quot;px&quot;,&quot;size&quot;:30,&quot;sizes&quot;:[]},&quot;vamtam_classic_columns&quot;:&quot;3&quot;,&quot;vamtam_classic_columns_mobile&quot;:&quot;1&quot;,&quot;vamtam_classic_row_gap_mobile&quot;:{&quot;unit&quot;:&quot;px&quot;,&quot;size&quot;:&quot;&quot;,&quot;sizes&quot;:[]}}\" data-widget_type=\"posts.vamtam_classic\">\n\t\t\t\t<div class=\"elementor-widget-container\">\n\t\t\t\t\t\t\t<div class=\"elementor-posts-container elementor-posts elementor-posts--skin-vamtam_classic elementor-grid\" role=\"list\">\n\t\t\t\t<article class=\"elementor-post elementor-grid-item post-8435 post type-post status-publish format-standard has-post-thumbnail hentry category-startups tag-cybersecurity tag-development tag-it\" role=\"listitem\">\n\t\t\t\t<a class=\"elementor-post__thumbnail__link\" href=\"https:\/\/igstecnologia.com\/index.php\/2023\/04\/10\/how-startups-are-cutting-cloud-costs-renegotiating-deals-with-service-providers\/\" tabindex=\"-1\" >\n\t\t\t<div class=\"elementor-post__thumbnail\"><img fetchpriority=\"high\" decoding=\"async\" width=\"2560\" height=\"1451\" src=\"https:\/\/igstecnologia.com\/wp-content\/uploads\/2024\/08\/Produtos-TopAcesso-02-scaled.jpg\" class=\"attachment-full size-full wp-image-988283\" alt=\"\" srcset=\"https:\/\/igstecnologia.com\/wp-content\/uploads\/2024\/08\/Produtos-TopAcesso-02-scaled.jpg 2560w, https:\/\/igstecnologia.com\/wp-content\/uploads\/2024\/08\/Produtos-TopAcesso-02-300x170.jpg 300w, https:\/\/igstecnologia.com\/wp-content\/uploads\/2024\/08\/Produtos-TopAcesso-02-1024x580.jpg 1024w, https:\/\/igstecnologia.com\/wp-content\/uploads\/2024\/08\/Produtos-TopAcesso-02-768x435.jpg 768w, https:\/\/igstecnologia.com\/wp-content\/uploads\/2024\/08\/Produtos-TopAcesso-02-1536x870.jpg 1536w, https:\/\/igstecnologia.com\/wp-content\/uploads\/2024\/08\/Produtos-TopAcesso-02-2048x1161.jpg 2048w\" sizes=\"(max-width: 2560px) 100vw, 2560px\" \/><\/div>\n\t\t<\/a>\n\t\t\t\t\t<div class=\"elementor-post__meta-data\">\n\t\t\t\t\t\t\t<div class=\"vamtam-post__categories\">\n\t\t\t\t<a href=\"https:\/\/igstecnologia.com\/index.php\/category\/news\/startups\/\" rel=\"category tag\">Startups<\/a>\t\t\t<\/div>\n\t\t\t\t\t\t<\/div>\n\t\t\t\t\t<div class=\"elementor-post__text\">\n\t\t\t\t<h3 class=\"elementor-post__title\">\n\t\t\t<a href=\"https:\/\/igstecnologia.com\/index.php\/2023\/04\/10\/how-startups-are-cutting-cloud-costs-renegotiating-deals-with-service-providers\/\" >\n\t\t\t\tDiferentes Solu\u00e7\u00f5es para a Seguran\u00e7a da Sua Resid\u00eancia, Condom\u00ednio ou Empresa\t\t\t<\/a>\n\t\t<\/h3>\n\t\t\t\t<div class=\"elementor-post__excerpt\">\n\t\t\t<p>Existem diferentes solu\u00e7\u00f5es para a seguran\u00e7a da sua resid\u00eancia, condom\u00ednio ou empresa.<\/p>\n\t\t<\/div>\n\t\t\t\t\t<div class=\"elementor-post__read-more-wrapper\">\n\t\t\n\t\t<a class=\"elementor-post__read-more\" href=\"https:\/\/igstecnologia.com\/index.php\/2023\/04\/10\/how-startups-are-cutting-cloud-costs-renegotiating-deals-with-service-providers\/\" aria-label=\"Leia mais sobre Diferentes Solu\u00e7\u00f5es para a Seguran\u00e7a da Sua Resid\u00eancia, Condom\u00ednio ou Empresa\" tabindex=\"-1\" >\n\t\t\tRead More\t\t<\/a>\n\n\t\t\t\t\t<\/div>\n\t\t\t\t<\/div>\n\t\t\t\t<\/article>\n\t\t\t\t<\/div>\n\t\t\n\t\t\t\t\t\t<\/div>\n\t\t\t\t<\/div>\n\t\t\t\t\t<\/div>\n\t\t<\/div>\n\t\t\t\t\t<\/div>\n\t\t<\/section>\n\t\t\t\t<section class=\"elementor-section elementor-top-section elementor-element elementor-element-7f91b39 elementor-section-boxed elementor-section-height-default elementor-section-height-default\" data-id=\"7f91b39\" data-element_type=\"section\" data-e-type=\"section\">\n\t\t\t\t\t\t<div class=\"elementor-container elementor-column-gap-no\">\n\t\t\t\t\t<div class=\"elementor-column elementor-col-100 elementor-top-column elementor-element elementor-element-a659707\" data-id=\"a659707\" data-element_type=\"column\" data-e-type=\"column\">\n\t\t\t<div class=\"elementor-widget-wrap elementor-element-populated\">\n\t\t\t\t\t\t<div class=\"vamtam-has-theme-widget-styles elementor-element elementor-element-77d3dd5 elementor-grid-tablet-3 elementor-grid-3 elementor-grid-mobile-1 elementor-posts--thumbnail-top load-more-align-center elementor-widget elementor-widget-posts\" data-id=\"77d3dd5\" data-element_type=\"widget\" data-e-type=\"widget\" data-settings=\"{&quot;vamtam_classic_columns_tablet&quot;:&quot;3&quot;,&quot;vamtam_classic_row_gap&quot;:{&quot;unit&quot;:&quot;px&quot;,&quot;size&quot;:40,&quot;sizes&quot;:[]},&quot;vamtam_classic_row_gap_tablet&quot;:{&quot;unit&quot;:&quot;px&quot;,&quot;size&quot;:30,&quot;sizes&quot;:[]},&quot;pagination_type&quot;:&quot;load_more_on_click&quot;,&quot;vamtam_classic_columns&quot;:&quot;3&quot;,&quot;vamtam_classic_columns_mobile&quot;:&quot;1&quot;,&quot;vamtam_classic_row_gap_mobile&quot;:{&quot;unit&quot;:&quot;px&quot;,&quot;size&quot;:&quot;&quot;,&quot;sizes&quot;:[]},&quot;load_more_spinner&quot;:{&quot;value&quot;:&quot;fas fa-spinner&quot;,&quot;library&quot;:&quot;fa-solid&quot;}}\" data-widget_type=\"posts.vamtam_classic\">\n\t\t\t\t<div class=\"elementor-widget-container\">\n\t\t\t\t\t\t\t<div class=\"elementor-posts-container elementor-posts elementor-posts--skin-vamtam_classic elementor-grid\" role=\"list\">\n\t\t\t\t<article class=\"elementor-post elementor-grid-item post-8432 post type-post status-publish format-standard has-post-thumbnail hentry category-cybersecurity tag-cybersecurity tag-it\" role=\"listitem\">\n\t\t\t\t<a class=\"elementor-post__thumbnail__link\" href=\"https:\/\/igstecnologia.com\/index.php\/2023\/04\/10\/4-cybersecurity-takeaways-from-chinas-largest-data-breach\/\" tabindex=\"-1\" >\n\t\t\t<div class=\"elementor-post__thumbnail\"><img decoding=\"async\" width=\"900\" height=\"600\" src=\"https:\/\/igstecnologia.com\/wp-content\/uploads\/2024\/08\/03-1.jpg\" class=\"attachment-large size-large wp-image-988358\" alt=\"\" srcset=\"https:\/\/igstecnologia.com\/wp-content\/uploads\/2024\/08\/03-1.jpg 900w, https:\/\/igstecnologia.com\/wp-content\/uploads\/2024\/08\/03-1-300x200.jpg 300w, https:\/\/igstecnologia.com\/wp-content\/uploads\/2024\/08\/03-1-768x512.jpg 768w\" sizes=\"(max-width: 900px) 100vw, 900px\" \/><\/div>\n\t\t<\/a>\n\t\t\t\t\t<div class=\"elementor-post__meta-data\">\n\t\t\t\t\t\t\t<div class=\"vamtam-post__categories\">\n\t\t\t\t<a href=\"https:\/\/igstecnologia.com\/index.php\/category\/news\/cybersecurity\/\" rel=\"category tag\">Cybersecurity<\/a>\t\t\t<\/div>\n\t\t\t\t\t\t<\/div>\n\t\t\t\t\t<div class=\"elementor-post__text\">\n\t\t\t\t<h3 class=\"elementor-post__title\">\n\t\t\t<a href=\"https:\/\/igstecnologia.com\/index.php\/2023\/04\/10\/4-cybersecurity-takeaways-from-chinas-largest-data-breach\/\" >\n\t\t\t\tControle de acesso em escolas\t\t\t<\/a>\n\t\t<\/h3>\n\t\t\t\t<div class=\"elementor-post__excerpt\">\n\t\t\t<p>O controle de acesso em escolas passou a ser essencial para garantir a seguran\u00e7a de alunos, pais e professores.<br \/>\nO controle de acesso nas escolas normalmente \u00e9 implementado usando catracas instaladas pr\u00f3ximas ao local de entrada dos alunos, onde cada um ao chegar deve apresentar seu cart\u00e3o de identifica\u00e7\u00e3o ou sua impress\u00e3o digital para a libera\u00e7\u00e3o da entrada ou sa\u00edda.<\/p>\n\t\t<\/div>\n\t\t\t\t\t<div class=\"elementor-post__read-more-wrapper\">\n\t\t\n\t\t<a class=\"elementor-post__read-more\" href=\"https:\/\/igstecnologia.com\/index.php\/2023\/04\/10\/4-cybersecurity-takeaways-from-chinas-largest-data-breach\/\" aria-label=\"Leia mais sobre Controle de acesso em escolas\" tabindex=\"-1\" >\n\t\t\tLer mais\t\t<\/a>\n\n\t\t\t\t\t<\/div>\n\t\t\t\t<\/div>\n\t\t\t\t<\/article>\n\t\t\t\t<article class=\"elementor-post elementor-grid-item post-8429 post type-post status-publish format-standard has-post-thumbnail hentry category-cybersecurity tag-cybersecurity tag-development tag-it\" role=\"listitem\">\n\t\t\t\t<a class=\"elementor-post__thumbnail__link\" href=\"https:\/\/igstecnologia.com\/index.php\/2023\/04\/10\/top-5-tips-for-solving-the-email-security-problem\/\" tabindex=\"-1\" >\n\t\t\t<div class=\"elementor-post__thumbnail\"><img decoding=\"async\" width=\"1024\" height=\"683\" src=\"https:\/\/igstecnologia.com\/wp-content\/uploads\/2024\/08\/people-working-as-team-company-1024x683.jpg\" class=\"attachment-large size-large wp-image-988064\" alt=\"\" srcset=\"https:\/\/igstecnologia.com\/wp-content\/uploads\/2024\/08\/people-working-as-team-company-1024x683.jpg 1024w, https:\/\/igstecnologia.com\/wp-content\/uploads\/2024\/08\/people-working-as-team-company-300x200.jpg 300w, https:\/\/igstecnologia.com\/wp-content\/uploads\/2024\/08\/people-working-as-team-company-768x512.jpg 768w, https:\/\/igstecnologia.com\/wp-content\/uploads\/2024\/08\/people-working-as-team-company-1536x1024.jpg 1536w, https:\/\/igstecnologia.com\/wp-content\/uploads\/2024\/08\/people-working-as-team-company-2048x1366.jpg 2048w\" sizes=\"(max-width: 1024px) 100vw, 1024px\" \/><\/div>\n\t\t<\/a>\n\t\t\t\t\t<div class=\"elementor-post__meta-data\">\n\t\t\t\t\t\t\t<div class=\"vamtam-post__categories\">\n\t\t\t\t<a href=\"https:\/\/igstecnologia.com\/index.php\/category\/news\/cybersecurity\/\" rel=\"category tag\">Cybersecurity<\/a>\t\t\t<\/div>\n\t\t\t\t\t\t<\/div>\n\t\t\t\t\t<div class=\"elementor-post__text\">\n\t\t\t\t<h3 class=\"elementor-post__title\">\n\t\t\t<a href=\"https:\/\/igstecnologia.com\/index.php\/2023\/04\/10\/top-5-tips-for-solving-the-email-security-problem\/\" >\n\t\t\t\tA lei permite marcar ponto pelo telefone celular?\t\t\t<\/a>\n\t\t<\/h3>\n\t\t\t\t<div class=\"elementor-post__excerpt\">\n\t\t\t<p>Ao longo dos \u00faltimos anos, algumas empresas passaram a permitir que seus colaboradores fa\u00e7am o registro de ponto pelo telefone celular.<\/p>\n\t\t<\/div>\n\t\t\t\t\t<div class=\"elementor-post__read-more-wrapper\">\n\t\t\n\t\t<a class=\"elementor-post__read-more\" href=\"https:\/\/igstecnologia.com\/index.php\/2023\/04\/10\/top-5-tips-for-solving-the-email-security-problem\/\" aria-label=\"Leia mais sobre A lei permite marcar ponto pelo telefone celular?\" tabindex=\"-1\" >\n\t\t\tLer mais\t\t<\/a>\n\n\t\t\t\t\t<\/div>\n\t\t\t\t<\/div>\n\t\t\t\t<\/article>\n\t\t\t\t<article class=\"elementor-post elementor-grid-item post-8426 post type-post status-publish format-standard has-post-thumbnail hentry category-cybersecurity tag-cybersecurity tag-development tag-it\" role=\"listitem\">\n\t\t\t\t<a class=\"elementor-post__thumbnail__link\" href=\"https:\/\/igstecnologia.com\/index.php\/2023\/04\/10\/what-you-shouldnt-be-doing-with-your-cybersecurity-in-2023\/\" tabindex=\"-1\" >\n\t\t\t<div class=\"elementor-post__thumbnail\"><img loading=\"lazy\" decoding=\"async\" width=\"1024\" height=\"684\" src=\"https:\/\/igstecnologia.com\/wp-content\/uploads\/2023\/04\/catraca-QR-code-1024x684.jpg\" class=\"attachment-large size-large wp-image-988661\" alt=\"\" srcset=\"https:\/\/igstecnologia.com\/wp-content\/uploads\/2023\/04\/catraca-QR-code-1024x684.jpg 1024w, https:\/\/igstecnologia.com\/wp-content\/uploads\/2023\/04\/catraca-QR-code-300x200.jpg 300w, https:\/\/igstecnologia.com\/wp-content\/uploads\/2023\/04\/catraca-QR-code-768x513.jpg 768w, https:\/\/igstecnologia.com\/wp-content\/uploads\/2023\/04\/catraca-QR-code.jpg 1200w\" sizes=\"(max-width: 1024px) 100vw, 1024px\" \/><\/div>\n\t\t<\/a>\n\t\t\t\t\t<div class=\"elementor-post__meta-data\">\n\t\t\t\t\t\t\t<div class=\"vamtam-post__categories\">\n\t\t\t\t<a href=\"https:\/\/igstecnologia.com\/index.php\/category\/news\/cybersecurity\/\" rel=\"category tag\">Cybersecurity<\/a>\t\t\t<\/div>\n\t\t\t\t\t\t<\/div>\n\t\t\t\t\t<div class=\"elementor-post__text\">\n\t\t\t\t<h3 class=\"elementor-post__title\">\n\t\t\t<a href=\"https:\/\/igstecnologia.com\/index.php\/2023\/04\/10\/what-you-shouldnt-be-doing-with-your-cybersecurity-in-2023\/\" >\n\t\t\t\tQR Code para controle de acesso\t\t\t<\/a>\n\t\t<\/h3>\n\t\t\t\t<div class=\"elementor-post__excerpt\">\n\t\t\t<p>O uso do QR Code ganhou for\u00e7a nas solu\u00e7\u00f5es de controle de acesso, principalmente pela comodidade que ele oferece. Saiba mais sobre essa tecnologia e como ela pode ser \u00fatil para a sua aplica\u00e7\u00e3o.<\/p>\n\t\t<\/div>\n\t\t\t\t\t<div class=\"elementor-post__read-more-wrapper\">\n\t\t\n\t\t<a class=\"elementor-post__read-more\" href=\"https:\/\/igstecnologia.com\/index.php\/2023\/04\/10\/what-you-shouldnt-be-doing-with-your-cybersecurity-in-2023\/\" aria-label=\"Leia mais sobre QR Code para controle de acesso\" tabindex=\"-1\" >\n\t\t\tLer mais\t\t<\/a>\n\n\t\t\t\t\t<\/div>\n\t\t\t\t<\/div>\n\t\t\t\t<\/article>\n\t\t\t\t<article class=\"elementor-post elementor-grid-item post-8423 post type-post status-publish format-standard has-post-thumbnail hentry category-development tag-cybersecurity tag-it\" role=\"listitem\">\n\t\t\t\t<a class=\"elementor-post__thumbnail__link\" href=\"https:\/\/igstecnologia.com\/index.php\/2023\/04\/10\/heavy-equipment-manufacturer-finds-concrete-solutions\/\" tabindex=\"-1\" >\n\t\t\t<div class=\"elementor-post__thumbnail\"><img loading=\"lazy\" decoding=\"async\" width=\"631\" height=\"337\" src=\"https:\/\/igstecnologia.com\/wp-content\/uploads\/2023\/04\/controle-de-acesso-academias.webp\" class=\"attachment-large size-large wp-image-988666\" alt=\"\" srcset=\"https:\/\/igstecnologia.com\/wp-content\/uploads\/2023\/04\/controle-de-acesso-academias.webp 631w, https:\/\/igstecnologia.com\/wp-content\/uploads\/2023\/04\/controle-de-acesso-academias-300x160.webp 300w\" sizes=\"(max-width: 631px) 100vw, 631px\" \/><\/div>\n\t\t<\/a>\n\t\t\t\t\t<div class=\"elementor-post__meta-data\">\n\t\t\t\t\t\t\t<div class=\"vamtam-post__categories\">\n\t\t\t\t<a href=\"https:\/\/igstecnologia.com\/index.php\/category\/news\/development\/\" rel=\"category tag\">Development<\/a>\t\t\t<\/div>\n\t\t\t\t\t\t<\/div>\n\t\t\t\t\t<div class=\"elementor-post__text\">\n\t\t\t\t<h3 class=\"elementor-post__title\">\n\t\t\t<a href=\"https:\/\/igstecnologia.com\/index.php\/2023\/04\/10\/heavy-equipment-manufacturer-finds-concrete-solutions\/\" >\n\t\t\t\tControle de acesso em academias\t\t\t<\/a>\n\t\t<\/h3>\n\t\t\t\t<div class=\"elementor-post__excerpt\">\n\t\t\t<p>O controle de acesso em academias pode trazer diversos benef\u00edcios, entre eles aumentar o faturamento e ajudar na reten\u00e7\u00e3o de clientes. Al\u00e9m disso, as academias precisam tomar algumas a\u00e7\u00f5es para a retomada geral das atividades. Acompanhe nosso post para saber mais.<\/p>\n\t\t<\/div>\n\t\t\t\t\t<div class=\"elementor-post__read-more-wrapper\">\n\t\t\n\t\t<a class=\"elementor-post__read-more\" href=\"https:\/\/igstecnologia.com\/index.php\/2023\/04\/10\/heavy-equipment-manufacturer-finds-concrete-solutions\/\" aria-label=\"Leia mais sobre Controle de acesso em academias\" tabindex=\"-1\" >\n\t\t\tLer mais\t\t<\/a>\n\n\t\t\t\t\t<\/div>\n\t\t\t\t<\/div>\n\t\t\t\t<\/article>\n\t\t\t\t<article class=\"elementor-post elementor-grid-item post-8420 post type-post status-publish format-standard hentry category-it tag-cybersecurity tag-it\" role=\"listitem\">\n\t\t\t\t\t<div class=\"elementor-post__meta-data\">\n\t\t\t\t\t\t\t<div class=\"vamtam-post__categories\">\n\t\t\t\t<a href=\"https:\/\/igstecnologia.com\/index.php\/category\/news\/it\/\" rel=\"category tag\">IT<\/a>\t\t\t<\/div>\n\t\t\t\t\t\t<\/div>\n\t\t\t\t\t<div class=\"elementor-post__text\">\n\t\t\t\t<h3 class=\"elementor-post__title\">\n\t\t\t<a href=\"https:\/\/igstecnologia.com\/index.php\/2023\/04\/10\/5-impactful-elements-that-promote-it-and-business-alignment\/\" >\n\t\t\t\tComo escolher o controle de acesso ideal\t\t\t<\/a>\n\t\t<\/h3>\n\t\t\t\t<div class=\"elementor-post__excerpt\">\n\t\t\t<p>Controle de acesso ideal\u200b<br \/>\nPara escolher o controle de acesso ideal voc\u00ea precisa levar em considera\u00e7\u00e3o algumas quest\u00f5es, entre elas o local em que ele dever\u00e1 estar dispon\u00edvel. \u00c9 uma portaria de um pr\u00e9dio comercial? Entrada de um condom\u00ednio residencial? Port\u00e3o de uma empresa? Dependendo da resposta, o equipamento ideal para seu estabelecimento pode variar.<\/p>\n\t\t<\/div>\n\t\t\t\t\t<div class=\"elementor-post__read-more-wrapper\">\n\t\t\n\t\t<a class=\"elementor-post__read-more\" href=\"https:\/\/igstecnologia.com\/index.php\/2023\/04\/10\/5-impactful-elements-that-promote-it-and-business-alignment\/\" aria-label=\"Leia mais sobre Como escolher o controle de acesso ideal\" tabindex=\"-1\" >\n\t\t\tLer mais\t\t<\/a>\n\n\t\t\t\t\t<\/div>\n\t\t\t\t<\/div>\n\t\t\t\t<\/article>\n\t\t\t\t<\/div>\n\t\t\t\t\t<span class=\"e-load-more-spinner\">\n\t\t\t\t<i aria-hidden=\"true\" class=\"fas fa-spinner\"><\/i>\t\t\t<\/span>\n\t\t\n\t\t\t\t\t\t<\/div>\n\t\t\t\t<\/div>\n\t\t\t\t\t<\/div>\n\t\t<\/div>\n\t\t\t\t\t<\/div>\n\t\t<\/section>\n\t\t\t\t<\/div>\n\t\t","protected":false},"excerpt":{"rendered":"<p>Nosso Blog Nosso blog oficial com not\u00edcias, dicas sobre tecnologia e gest\u00e3o empresarial.<\/p>\n","protected":false},"author":1,"featured_media":0,"parent":0,"menu_order":0,"comment_status":"closed","ping_status":"closed","template":"","meta":{"inline_featured_image":false,"footnotes":""},"class_list":["post-93","page","type-page","status-publish","hentry"],"_links":{"self":[{"href":"https:\/\/igstecnologia.com\/index.php\/wp-json\/wp\/v2\/pages\/93","targetHints":{"allow":["GET"]}}],"collection":[{"href":"https:\/\/igstecnologia.com\/index.php\/wp-json\/wp\/v2\/pages"}],"about":[{"href":"https:\/\/igstecnologia.com\/index.php\/wp-json\/wp\/v2\/types\/page"}],"author":[{"embeddable":true,"href":"https:\/\/igstecnologia.com\/index.php\/wp-json\/wp\/v2\/users\/1"}],"replies":[{"embeddable":true,"href":"https:\/\/igstecnologia.com\/index.php\/wp-json\/wp\/v2\/comments?post=93"}],"version-history":[{"count":0,"href":"https:\/\/igstecnologia.com\/index.php\/wp-json\/wp\/v2\/pages\/93\/revisions"}],"wp:attachment":[{"href":"https:\/\/igstecnologia.com\/index.php\/wp-json\/wp\/v2\/media?parent=93"}],"curies":[{"name":"wp","href":"https:\/\/api.w.org\/{rel}","templated":true}]}}